{"id":832,"date":"2018-03-06T09:41:23","date_gmt":"2018-03-06T09:41:23","guid":{"rendered":"http:\/\/lammert.de\/cms\/?page_id=832"},"modified":"2026-01-15T11:27:52","modified_gmt":"2026-01-15T10:27:52","slug":"leistungen","status":"publish","type":"page","link":"https:\/\/lammert.de\/cms\/leistungen\/","title":{"rendered":"Leistungen"},"content":{"rendered":"\n<p>Unser Portfolio reicht von Visitenkarten, Briefbogen bis hin zu \u00adhochwertigen und Imagebrosch\u00fcren, Gesch\u00e4ftsberichten und Kunstkatalogen.<\/p>\n\n\n\n<p>Wir drucken im Offset- und Digitaldruck,<br>pr\u00e4zise, schnell und zuverl\u00e4ssig\u2026<\/p>\n\n\n\n<ul class=\"wp-block-list\">\n<li>Prospekte, Kataloge, Brosch\u00fcren<\/li>\n\n\n\n<li>Gesch\u00e4ftsberichte<\/li>\n\n\n\n<li>B\u00fccher, Zeitschriften<\/li>\n\n\n\n<li>Mappen, Ordner, Kalender<\/li>\n\n\n\n<li>Gesch\u00e4ftspapiere, Visitenkarten<\/li>\n\n\n\n<li>Versandtaschen, Briefh\u00fcllen<\/li>\n\n\n\n<li>Aufkleber, Etiketten<\/li>\n\n\n\n<li>Formulare: Endlos- oder Einzels\u00e4tze<\/li>\n\n\n\n<li>Handzettel, Notizbl\u00f6cke<\/li>\n\n\n\n<li>Schreibunterlagen<\/li>\n\n\n\n<li>Displays<\/li>\n\n\n\n<li>u.v.m.<\/li>\n<\/ul>\n\n\n\n<p>Damit alles optimal l\u00e4uft, beraten wir Sie intensiv.<br>Denn ein Druckerzeugnis ist immer auch ein Mittel zum Zweck &#8211; nicht nur bedrucktes Papier.<br>Prospekte m\u00fcssen verkaufen, Formulare funktionieren und Imagebrosch\u00fcren einen bleibenden Eindruck hinterlassen.<br><br>Der Offset\u00addruck eignet sich insbesondere f\u00fcr mittlere bis hohe Auflagen bei \u00adgleich\u00adbleibender Druckform hervorragend. Der immer h\u00f6her werdende Anspruch an die Qualit\u00e4t und die Aktualit\u00e4t der Druckprodukte erfordern es, neue Ideen zu entwickeln und ad\u00e4quate Wege zu gehen. Unser Leistungsspektrum bietet Digitaldrucksysteme, die es erm\u00f6glichen, pers\u00f6nlich ansprechende, wirkungsvolle und einzigartige Druckprodukte bereits in Kleinstauflagen schnell zu \u00adproduzieren, die in anderen Druckverfahren an den Kosten gescheitert w\u00e4ren.<\/p>\n\n\n\n<p>Pre-Press\/Druckvorstufe<\/p>\n\n\n\n<ul class=\"wp-block-list\">\n<li>Bildbearbeitungen<\/li>\n\n\n\n<li>Layout- und Satzarbeiten<\/li>\n\n\n\n<li>Digitale Bogenmontagen<\/li>\n\n\n\n<li>PDF-Workflow<\/li>\n\n\n\n<li>Digitalproofs, Formproofs<\/li>\n\n\n\n<li>CTP-Belichtungen<\/li>\n<\/ul>\n\n\n\n<p>Unsere Leistungen:<\/p>\n\n\n\n<ul class=\"wp-block-list\">\n<li>Drucken (Digital- und Offset-Druck)<\/li>\n\n\n\n<li>Schneiden<\/li>\n\n\n\n<li>Falzen \/ Rillen<\/li>\n\n\n\n<li>Lackieren<\/li>\n\n\n\n<li>Stanzen \/ Lochen<\/li>\n\n\n\n<li>Perforieren \/ Pr\u00e4gen<\/li>\n\n\n\n<li>Heften<\/li>\n\n\n\n<li>Festeinb\u00e4nde (z.B. Fadenheftung, Klebebindung)<\/li>\n\n\n\n<li>Foliencellophanierung<\/li>\n\n\n\n<li>Versand und Logistik<\/li>\n<\/ul>\n\n\n\n<p><\/p>\n\n\n\n<p><\/p>\n\n\n\n<h5 class=\"wp-block-heading\">Wir verarbeiten sauber, veredeln und liefern termingerecht!<\/h5>\n\n\n\n<hr class=\"wp-block-separator has-alpha-channel-opacity\"\/>\n\n\n\n<ul class=\"wp-block-list\"><\/ul>\n\n\n\n<div class=\"wp-block-columns is-layout-flex wp-container-core-columns-is-layout-28f84493 wp-block-columns-is-layout-flex\">\n<div class=\"wp-block-column is-layout-flow wp-block-column-is-layout-flow\">\n<figure class=\"wp-block-image size-thumbnail\"><a href=\"https:\/\/lammert.de\/cms\/wp-content\/uploads\/2026\/01\/Zertifikat.pdf\" target=\"_blank\" rel=\" noreferrer noopener\"><img decoding=\"async\" width=\"150\" height=\"150\" src=\"https:\/\/lammert.de\/cms\/wp-content\/uploads\/2026\/01\/Zertifikat2026-150x150.jpg\" alt=\"\" class=\"wp-image-1184\" srcset=\"https:\/\/lammert.de\/cms\/wp-content\/uploads\/2026\/01\/Zertifikat2026-150x150.jpg 150w, https:\/\/lammert.de\/cms\/wp-content\/uploads\/2026\/01\/Zertifikat2026-300x300.jpg 300w, https:\/\/lammert.de\/cms\/wp-content\/uploads\/2026\/01\/Zertifikat2026-270x270.jpg 270w, https:\/\/lammert.de\/cms\/wp-content\/uploads\/2026\/01\/Zertifikat2026-230x230.jpg 230w, https:\/\/lammert.de\/cms\/wp-content\/uploads\/2026\/01\/Zertifikat2026.jpg 752w\" sizes=\"(max-width: 150px) 100vw, 150px\" \/><\/a><\/figure>\n<\/div>\n\n\n\n<div class=\"wp-block-column is-layout-flow wp-block-column-is-layout-flow\">\n<figure class=\"wp-block-image size-medium\"><a href=\"https:\/\/lammert.de\/cms\/wp-content\/uploads\/2025\/01\/LIVING-PSO-Logo.png\"><img decoding=\"async\" width=\"300\" height=\"157\" src=\"https:\/\/lammert.de\/cms\/wp-content\/uploads\/2025\/01\/LIVING-PSO-Logo-300x157.png\" alt=\"LIVING PSO Logo\" class=\"wp-image-1153\" srcset=\"https:\/\/lammert.de\/cms\/wp-content\/uploads\/2025\/01\/LIVING-PSO-Logo-300x157.png 300w, https:\/\/lammert.de\/cms\/wp-content\/uploads\/2025\/01\/LIVING-PSO-Logo-1024x535.png 1024w, https:\/\/lammert.de\/cms\/wp-content\/uploads\/2025\/01\/LIVING-PSO-Logo-768x402.png 768w, https:\/\/lammert.de\/cms\/wp-content\/uploads\/2025\/01\/LIVING-PSO-Logo.png 1423w\" sizes=\"(max-width: 300px) 100vw, 300px\" \/><\/a><\/figure>\n<\/div>\n<\/div>\n","protected":false},"excerpt":{"rendered":"<p>Unser Portfolio reicht von Visitenkarten, Briefbogen bis hin zu \u00adhochwertigen und Imagebrosch\u00fcren, Gesch\u00e4ftsberichten und Kunstkatalogen. Wir drucken im Offset- und Digitaldruck,pr\u00e4zise, schnell und zuverl\u00e4ssig\u2026 Damit alles optimal l\u00e4uft, beraten wir Sie intensiv.Denn ein Druckerzeugnis ist immer auch ein Mittel zum<\/p>\n","protected":false},"author":3,"featured_media":0,"parent":0,"menu_order":0,"comment_status":"closed","ping_status":"closed","template":"","meta":{"footnotes":""},"class_list":["post-832","page","type-page","status-publish","hentry"],"yoast_head":"<!-- This site is optimized with the Yoast SEO plugin v27.4 - https:\/\/yoast.com\/product\/yoast-seo-wordpress\/ -->\n<title>Leistungen - Lammert Druck<\/title>\n<meta name=\"description\" content=\"Drucken (Digital- und Offset-Druck) \/ SchneidenFalzen \/ RillenLackierenStanzen \/ LochenPerforieren \/ Pr\u00e4genHeften \/ Festeinb\u00e4nde\" \/>\n<meta name=\"robots\" content=\"index, follow, max-snippet:-1, max-image-preview:large, max-video-preview:-1\" \/>\n<link rel=\"canonical\" href=\"https:\/\/lammert.de\/cms\/leistungen\/\" \/>\n<meta property=\"og:locale\" content=\"de_DE\" \/>\n<meta property=\"og:type\" content=\"article\" \/>\n<meta property=\"og:title\" content=\"Leistungen - Lammert Druck\" \/>\n<meta property=\"og:description\" content=\"Drucken (Digital- und Offset-Druck) \/ SchneidenFalzen \/ RillenLackierenStanzen \/ LochenPerforieren \/ Pr\u00e4genHeften \/ Festeinb\u00e4nde\" \/>\n<meta property=\"og:url\" content=\"https:\/\/lammert.de\/cms\/leistungen\/\" \/>\n<meta property=\"og:site_name\" content=\"Lammert Druck\" \/>\n<meta property=\"article:modified_time\" content=\"2026-01-15T10:27:52+00:00\" \/>\n<meta property=\"og:image\" content=\"https:\/\/lammert.de\/cms\/wp-content\/uploads\/2026\/01\/Zertifikat2026.jpg\" \/>\n\t<meta property=\"og:image:width\" content=\"752\" \/>\n\t<meta property=\"og:image:height\" content=\"752\" \/>\n\t<meta property=\"og:image:type\" content=\"image\/jpeg\" \/>\n<meta name=\"twitter:card\" content=\"summary_large_image\" \/>\n<meta name=\"twitter:label1\" content=\"Gesch\u00e4tzte Lesezeit\" \/>\n\t<meta name=\"twitter:data1\" content=\"2\u00a0Minuten\" \/>\n<script type=\"application\/ld+json\" class=\"yoast-schema-graph\">{\"@context\":\"https:\\\/\\\/schema.org\",\"@graph\":[{\"@type\":\"WebPage\",\"@id\":\"https:\\\/\\\/lammert.de\\\/cms\\\/leistungen\\\/\",\"url\":\"https:\\\/\\\/lammert.de\\\/cms\\\/leistungen\\\/\",\"name\":\"Leistungen - Lammert Druck\",\"isPartOf\":{\"@id\":\"https:\\\/\\\/lammert.de\\\/cms\\\/#website\"},\"primaryImageOfPage\":{\"@id\":\"https:\\\/\\\/lammert.de\\\/cms\\\/leistungen\\\/#primaryimage\"},\"image\":{\"@id\":\"https:\\\/\\\/lammert.de\\\/cms\\\/leistungen\\\/#primaryimage\"},\"thumbnailUrl\":\"https:\\\/\\\/lammert.de\\\/cms\\\/wp-content\\\/uploads\\\/2026\\\/01\\\/Zertifikat2026-150x150.jpg\",\"datePublished\":\"2018-03-06T09:41:23+00:00\",\"dateModified\":\"2026-01-15T10:27:52+00:00\",\"description\":\"Drucken (Digital- und Offset-Druck) \\\/ SchneidenFalzen \\\/ RillenLackierenStanzen \\\/ LochenPerforieren \\\/ Pr\u00e4genHeften \\\/ Festeinb\u00e4nde\",\"breadcrumb\":{\"@id\":\"https:\\\/\\\/lammert.de\\\/cms\\\/leistungen\\\/#breadcrumb\"},\"inLanguage\":\"de\",\"potentialAction\":[{\"@type\":\"ReadAction\",\"target\":[\"https:\\\/\\\/lammert.de\\\/cms\\\/leistungen\\\/\"]}]},{\"@type\":\"ImageObject\",\"inLanguage\":\"de\",\"@id\":\"https:\\\/\\\/lammert.de\\\/cms\\\/leistungen\\\/#primaryimage\",\"url\":\"https:\\\/\\\/lammert.de\\\/cms\\\/wp-content\\\/uploads\\\/2026\\\/01\\\/Zertifikat2026.jpg\",\"contentUrl\":\"https:\\\/\\\/lammert.de\\\/cms\\\/wp-content\\\/uploads\\\/2026\\\/01\\\/Zertifikat2026.jpg\",\"width\":752,\"height\":752},{\"@type\":\"BreadcrumbList\",\"@id\":\"https:\\\/\\\/lammert.de\\\/cms\\\/leistungen\\\/#breadcrumb\",\"itemListElement\":[{\"@type\":\"ListItem\",\"position\":1,\"name\":\"Startseite\",\"item\":\"https:\\\/\\\/lammert.de\\\/cms\\\/\"},{\"@type\":\"ListItem\",\"position\":2,\"name\":\"Leistungen\"}]},{\"@type\":\"WebSite\",\"@id\":\"https:\\\/\\\/lammert.de\\\/cms\\\/#website\",\"url\":\"https:\\\/\\\/lammert.de\\\/cms\\\/\",\"name\":\"Lammert Druck\",\"description\":\"...und Media\",\"publisher\":{\"@id\":\"https:\\\/\\\/lammert.de\\\/cms\\\/#organization\"},\"potentialAction\":[{\"@type\":\"SearchAction\",\"target\":{\"@type\":\"EntryPoint\",\"urlTemplate\":\"https:\\\/\\\/lammert.de\\\/cms\\\/?s={search_term_string}\"},\"query-input\":{\"@type\":\"PropertyValueSpecification\",\"valueRequired\":true,\"valueName\":\"search_term_string\"}}],\"inLanguage\":\"de\"},{\"@type\":\"Organization\",\"@id\":\"https:\\\/\\\/lammert.de\\\/cms\\\/#organization\",\"name\":\"Lammert Druck\",\"url\":\"https:\\\/\\\/lammert.de\\\/cms\\\/\",\"logo\":{\"@type\":\"ImageObject\",\"inLanguage\":\"de\",\"@id\":\"https:\\\/\\\/lammert.de\\\/cms\\\/#\\\/schema\\\/logo\\\/image\\\/\",\"url\":\"https:\\\/\\\/lammert.de\\\/cms\\\/wp-content\\\/uploads\\\/2024\\\/12\\\/cropped-Lammert-und-Media-frei2.png\",\"contentUrl\":\"https:\\\/\\\/lammert.de\\\/cms\\\/wp-content\\\/uploads\\\/2024\\\/12\\\/cropped-Lammert-und-Media-frei2.png\",\"width\":302,\"height\":70,\"caption\":\"Lammert Druck\"},\"image\":{\"@id\":\"https:\\\/\\\/lammert.de\\\/cms\\\/#\\\/schema\\\/logo\\\/image\\\/\"}}]}<\/script>\n<!-- \/ Yoast SEO plugin. -->","yoast_head_json":{"title":"Leistungen - Lammert Druck","description":"Drucken (Digital- und Offset-Druck) \/ SchneidenFalzen \/ RillenLackierenStanzen \/ LochenPerforieren \/ Pr\u00e4genHeften \/ Festeinb\u00e4nde","robots":{"index":"index","follow":"follow","max-snippet":"max-snippet:-1","max-image-preview":"max-image-preview:large","max-video-preview":"max-video-preview:-1"},"canonical":"https:\/\/lammert.de\/cms\/leistungen\/","og_locale":"de_DE","og_type":"article","og_title":"Leistungen - Lammert Druck","og_description":"Drucken (Digital- und Offset-Druck) \/ SchneidenFalzen \/ RillenLackierenStanzen \/ LochenPerforieren \/ Pr\u00e4genHeften \/ Festeinb\u00e4nde","og_url":"https:\/\/lammert.de\/cms\/leistungen\/","og_site_name":"Lammert Druck","article_modified_time":"2026-01-15T10:27:52+00:00","og_image":[{"width":752,"height":752,"url":"https:\/\/lammert.de\/cms\/wp-content\/uploads\/2026\/01\/Zertifikat2026.jpg","type":"image\/jpeg"}],"twitter_card":"summary_large_image","twitter_misc":{"Gesch\u00e4tzte Lesezeit":"2\u00a0Minuten"},"schema":{"@context":"https:\/\/schema.org","@graph":[{"@type":"WebPage","@id":"https:\/\/lammert.de\/cms\/leistungen\/","url":"https:\/\/lammert.de\/cms\/leistungen\/","name":"Leistungen - Lammert Druck","isPartOf":{"@id":"https:\/\/lammert.de\/cms\/#website"},"primaryImageOfPage":{"@id":"https:\/\/lammert.de\/cms\/leistungen\/#primaryimage"},"image":{"@id":"https:\/\/lammert.de\/cms\/leistungen\/#primaryimage"},"thumbnailUrl":"https:\/\/lammert.de\/cms\/wp-content\/uploads\/2026\/01\/Zertifikat2026-150x150.jpg","datePublished":"2018-03-06T09:41:23+00:00","dateModified":"2026-01-15T10:27:52+00:00","description":"Drucken (Digital- und Offset-Druck) \/ SchneidenFalzen \/ RillenLackierenStanzen \/ LochenPerforieren \/ Pr\u00e4genHeften \/ Festeinb\u00e4nde","breadcrumb":{"@id":"https:\/\/lammert.de\/cms\/leistungen\/#breadcrumb"},"inLanguage":"de","potentialAction":[{"@type":"ReadAction","target":["https:\/\/lammert.de\/cms\/leistungen\/"]}]},{"@type":"ImageObject","inLanguage":"de","@id":"https:\/\/lammert.de\/cms\/leistungen\/#primaryimage","url":"https:\/\/lammert.de\/cms\/wp-content\/uploads\/2026\/01\/Zertifikat2026.jpg","contentUrl":"https:\/\/lammert.de\/cms\/wp-content\/uploads\/2026\/01\/Zertifikat2026.jpg","width":752,"height":752},{"@type":"BreadcrumbList","@id":"https:\/\/lammert.de\/cms\/leistungen\/#breadcrumb","itemListElement":[{"@type":"ListItem","position":1,"name":"Startseite","item":"https:\/\/lammert.de\/cms\/"},{"@type":"ListItem","position":2,"name":"Leistungen"}]},{"@type":"WebSite","@id":"https:\/\/lammert.de\/cms\/#website","url":"https:\/\/lammert.de\/cms\/","name":"Lammert Druck","description":"...und Media","publisher":{"@id":"https:\/\/lammert.de\/cms\/#organization"},"potentialAction":[{"@type":"SearchAction","target":{"@type":"EntryPoint","urlTemplate":"https:\/\/lammert.de\/cms\/?s={search_term_string}"},"query-input":{"@type":"PropertyValueSpecification","valueRequired":true,"valueName":"search_term_string"}}],"inLanguage":"de"},{"@type":"Organization","@id":"https:\/\/lammert.de\/cms\/#organization","name":"Lammert Druck","url":"https:\/\/lammert.de\/cms\/","logo":{"@type":"ImageObject","inLanguage":"de","@id":"https:\/\/lammert.de\/cms\/#\/schema\/logo\/image\/","url":"https:\/\/lammert.de\/cms\/wp-content\/uploads\/2024\/12\/cropped-Lammert-und-Media-frei2.png","contentUrl":"https:\/\/lammert.de\/cms\/wp-content\/uploads\/2024\/12\/cropped-Lammert-und-Media-frei2.png","width":302,"height":70,"caption":"Lammert Druck"},"image":{"@id":"https:\/\/lammert.de\/cms\/#\/schema\/logo\/image\/"}}]}},"_links":{"self":[{"href":"https:\/\/lammert.de\/cms\/wp-json\/wp\/v2\/pages\/832","targetHints":{"allow":["GET"]}}],"collection":[{"href":"https:\/\/lammert.de\/cms\/wp-json\/wp\/v2\/pages"}],"about":[{"href":"https:\/\/lammert.de\/cms\/wp-json\/wp\/v2\/types\/page"}],"author":[{"embeddable":true,"href":"https:\/\/lammert.de\/cms\/wp-json\/wp\/v2\/users\/3"}],"replies":[{"embeddable":true,"href":"https:\/\/lammert.de\/cms\/wp-json\/wp\/v2\/comments?post=832"}],"version-history":[{"count":21,"href":"https:\/\/lammert.de\/cms\/wp-json\/wp\/v2\/pages\/832\/revisions"}],"predecessor-version":[{"id":1189,"href":"https:\/\/lammert.de\/cms\/wp-json\/wp\/v2\/pages\/832\/revisions\/1189"}],"wp:attachment":[{"href":"https:\/\/lammert.de\/cms\/wp-json\/wp\/v2\/media?parent=832"}],"curies":[{"name":"wp","href":"https:\/\/api.w.org\/{rel}","templated":true}]}}