{"id":760,"date":"2016-10-10T10:21:16","date_gmt":"2016-10-10T10:21:16","guid":{"rendered":"http:\/\/lammert.de\/cms\/?page_id=760"},"modified":"2025-11-03T11:27:21","modified_gmt":"2025-11-03T10:27:21","slug":"datenschutzhinweis","status":"publish","type":"page","link":"https:\/\/lammert.de\/cms\/datenschutzhinweis\/","title":{"rendered":"Datenschutzhinweis"},"content":{"rendered":"\n<h4 class=\"wp-block-heading\"><strong>Datenschutz<\/strong><\/h4>\n\n\n\n<p>Der <strong>Verantwortliche<\/strong> im Sinne der Datenschutz-Grundverordnung und anderer nationaler Datenschutzgesetze der Mitgliedsstaaten sowie sonstiger datenschutzrechtlicher Bestimmungen ist die:<\/p>\n\n\n\n<p>LAMMERT-DRUCK, Rudolf Lammert GmbH<br>\nBevergerner Stra\u00dfe 51<br>\n48477 H\u00f6rstel-Riesenbeck<br>\nTelefon (05454) 9308-0<br>\nTelefax (05454) 9308-88<br>\nE-Mail: info(at)lammert.de<br>\nhttps:\/\/lammert.de<\/p>\n\n\n\n<p>Der <strong>Datenschutzbeauftragte<\/strong> des Verantwortlichen ist:<\/p>\n\n\n\n<p>Kreishandwerkerschaft Service- und Wirtschaftsgesellschaft mbH<br>\nLaugestra\u00dfe 51<br>\n48431 Rheine<br>\n<strong><a href=\"mailto:dsb-extern@service-kh.de\">dsb-extern@service-kh.de<\/a><\/strong><\/p>\n\n\n\n<h5 class=\"wp-block-heading\">Allgemeines zur Datenverarbeitung<\/h5>\n\n\n\n<h5 class=\"wp-block-heading\">Umfang der Verarbeitung personenbezogener Daten<\/h5>\n\n\n\n<p>Wir verarbeiten personenbezogene Daten unserer Nutzer grunds\u00e4tzlich nur, soweit dies zur Bereitstellung einer funktionsf\u00e4higen Website sowie unserer Inhalte und Leistungen erforderlich ist. Die Verarbeitung personenbezogener Daten unserer Nutzer erfolgt regelm\u00e4\u00dfig nur nach Einwilligung des Nutzers. Eine Ausnahme gilt in solchen F\u00e4llen, in denen eine vorherige Einholung einer Einwilligung aus tats\u00e4chlichen Gr\u00fcnden nicht m\u00f6glich ist und die Verarbeitung der Daten durch gesetzliche Vorschriften gestattet ist.<\/p>\n\n\n\n<h6 class=\"wp-block-heading\">SSL-Verschl\u00fcsselung<\/h6>\n\n\n\n<p>Diese Seite nutzt aus Gr\u00fcnden der Sicherheit und zum Schutz der \u00dcbertragung im Internet, eine SSL-Verschl\u00fcsselung.<br>\nEine verschl\u00fcsselte Verbindung erkennen Sie daran, dass die Adresszeile des Browsers von \u201chttp:\/\/\u201d auf<br>\n\u201chttps:\/\/\u201d wechselt und an dem Schloss-Symbol in Ihrer Browserzeile.<br>\nWenn die SSL Verschl\u00fcsselung aktiviert ist, k\u00f6nnen die Daten, die Sie an uns \u00fcbermitteln, nicht von<br>\nDritten mitgelesen werden.<\/p>\n\n\n\n<h5 class=\"wp-block-heading\">Rechtsgrundlage f\u00fcr die Verarbeitung personenbezogener Daten<\/h5>\n\n\n\n<p>Soweit wir f\u00fcr Verarbeitungsvorg\u00e4nge personenbezogener Daten eine Einwilligung der betroffenen Person einholen, dient Art.&nbsp;6 Abs.&nbsp;1 lit.&nbsp;a EU-Datenschutzgrundverordnung (DSGVO) als Rechtsgrundlage.<\/p>\n\n\n\n<p>Bei der Verarbeitung von personenbezogenen Daten, die zur Erf\u00fcllung eines Vertrages, dessen Vertragspartei die betroffene Person ist, erforderlich ist, dient Art.&nbsp;6 Abs.&nbsp;1 lit.&nbsp;b DSGVO als Rechtsgrundlage. Dies gilt auch f\u00fcr Verarbeitungsvorg\u00e4nge, die zur Durchf\u00fchrung vorvertraglicher Ma\u00dfnahmen erforderlich sind.<\/p>\n\n\n\n<p>Soweit eine Verarbeitung personenbezogener Daten zur Erf\u00fcllung einer rechtlichen Verpflichtung erforderlich ist, der unser Unternehmen unterliegt, dient Art.&nbsp;6 Abs.&nbsp;1 lit.&nbsp;c DSGVO als Rechtsgrundlage.<\/p>\n\n\n\n<p>F\u00fcr den Fall, dass lebenswichtige Interessen der betroffenen Person oder einer anderen nat\u00fcrlichen Person eine Verarbeitung personenbezogener Daten erforderlich machen, dient Art.&nbsp;6 Abs.&nbsp;1 lit.&nbsp;d DSGVO als Rechtsgrundlage.<\/p>\n\n\n\n<p>Ist die Verarbeitung zur Wahrung eines berechtigten Interesses unseres Unternehmens oder eines Dritten erforderlich und \u00fcberwiegen die Interessen, Grundrechte und Grundfreiheiten des Betroffenen das erstgenannte Interesse nicht, so dient Art.&nbsp;6 Abs.&nbsp;1 lit.&nbsp;f DSGVO als Rechtsgrundlage f\u00fcr die Verarbeitung.<\/p>\n\n\n\n<h5 class=\"wp-block-heading\">Datenl\u00f6schung und Speicherdauer<\/h5>\n\n\n\n<p>Die personenbezogenen Daten der betroffenen Person werden gel\u00f6scht oder gesperrt, sobald der Zweck der Speicherung entf\u00e4llt. Eine Speicherung kann dar\u00fcber hinaus erfolgen, wenn dies durch den europ\u00e4ischen oder nationalen Gesetzgeber in unionsrechtlichen Verordnungen, Gesetzen oder sonstigen Vorschriften, denen der Verantwortliche unterliegt, vorgesehen wurde. Eine Sperrung oder L\u00f6schung der Daten erfolgt auch dann, wenn eine durch die genannten Normen vorgeschriebene Speicherfrist abl\u00e4uft, es sei denn, dass eine Erforderlichkeit zur weiteren Speicherung der Daten f\u00fcr einen Vertragsabschluss oder eine Vertragserf\u00fcllung besteht.<\/p>\n\n\n\n<h4 class=\"wp-block-heading\">Bereitstellung der Website und Erstellung von Logfiles<\/h4>\n\n\n\n<h5 class=\"wp-block-heading\">Beschreibung und Umfang der Datenverarbeitung<\/h5>\n\n\n\n<p>Bei jedem Aufruf unserer Internetseite erfasst unser System bzw. das des Hosters automatisiert Daten und Informationen vom Computersystem des aufrufenden Rechners.<\/p>\n\n\n\n<p>Folgende Daten werden hierbei erhoben:<\/p>\n\n\n\n<ul class=\"wp-block-list\">\n<li>Informationen \u00fcber den Browsertyp und die verwendete Version<\/li>\n\n\n\n<li>Das Betriebssystem des Nutzers<\/li>\n\n\n\n<li>Die IP-Adresse des Nutzers<\/li>\n\n\n\n<li>Datum und Uhrzeit des Zugriffs<\/li>\n\n\n\n<li>Websites, von denen das System des Nutzers auf unsere Internetseite gelangt<\/li>\n<\/ul>\n\n\n\n<p>Eine Zusammenf\u00fchrung dieser Daten mit anderen Datenquellen wird nicht vorgenommen. Ihre IP-Adresse wird selbstverst\u00e4ndlich anonymisiert bzw. gek\u00fcrzt gespeichert.<\/p>\n\n\n\n<p>Rechtsgrundlage f\u00fcr die vor\u00fcbergehende Speicherung der Daten ist Art.\u00a06 Abs.\u00a01 lit.\u00a0f DSGVO.<br>Die Verarbeitung ist rechtm\u00e4\u00dfig, weil die betroffene Person ihre Einwilligung zu der Verarbeitung der sie betreffenden personenbezogenen Daten f\u00fcr einen oder mehrere bestimmte Zwecke gegeben hat; die Verarbeitung ist f\u00fcr die Erf\u00fcllung eines Vertrags, dessen Vertragspartei die betroffene Person ist, oder zur Durchf\u00fchrung vorvertraglicher Ma\u00dfnahmen erforderlich, die auf Anfrage der betroffenen Person erfolgen.<\/p>\n\n\n\n<p><br> Die Daten werden gel\u00f6scht, sobald sie f\u00fcr die Erreichung des Zweckes ihrer Erhebung nicht mehr erforderlich sind (im allgemeinen beim Hoster nach 6 Wochen). Im Falle der Erfassung der Daten zur Bereitstellung der Website ist dies der Fall, wenn die jeweilige Sitzung beendet ist.<\/p>\n\n\n\n<p>Die Erfassung der Daten zur Bereitstellung der Website und die Speicherung der Daten in Logfiles ist f\u00fcr den Betrieb der Internetseite zwingend erforderlich. Es besteht folglich seitens des Nutzers keine Widerspruchsm\u00f6glichkeit.<\/p>\n\n\n\n<h4 class=\"wp-block-heading\">E-Mail-Kontakt<\/h4>\n\n\n\n<p>Es besteht eine Kontaktm\u00f6glichkeit \u00fcber die bereitgestellte E-Mail-Adresse. In diesem Fall werden die mit der E-Mail \u00fcbermittelten personenbezogenen Daten des Nutzers gespeichert.<\/p>\n\n\n\n<p>Es erfolgt in diesem Zusammenhang keine Weitergabe der Daten an Dritte. Die Daten werden ausschlie\u00dflich f\u00fcr die Verarbeitung der Konversation verwendet.<\/p>\n\n\n\n<p>Rechtsgrundlage f\u00fcr die Verarbeitung der Daten, die im Zuge einer \u00dcbersendung einer E-Mail \u00fcbermittelt werden, ist Art.&nbsp;6 Abs.&nbsp;1 lit.&nbsp;f DSGVO. Zielt der E-Mail-Kontakt auf den Abschluss eines Vertrages ab, so ist zus\u00e4tzliche Rechtsgrundlage f\u00fcr die Verarbeitung Art.&nbsp;6 Abs.&nbsp;1 lit.&nbsp;b DSGVO.<\/p>\n\n\n\n<p>Der Nutzer hat jederzeit die M\u00f6glichkeit, seine Einwilligung zur Verarbeitung der personenbezogenen Daten zu widerrufen. Nimmt der Nutzer per E-Mail Kontakt mit uns auf, so kann er der Speicherung seiner personenbezogenen Daten jederzeit widersprechen. In einem solchen Fall kann die Konversation nicht fortgef\u00fchrt werden. Alle personenbezogenen Daten, die im Zuge der Kontaktaufnahme gespeichert wurden, werden in diesem Fall gel\u00f6scht.<\/p>\n\n\n\n<h4 class=\"wp-block-heading\">Rechte der betroffenen Person<\/h4>\n\n\n\n<h5 class=\"wp-block-heading\">Auskunft, L\u00f6schung, Sperrung<\/h5>\n\n\n\n<p>Sie haben jederzeit das Recht auf unentgeltliche Auskunft \u00fcber Ihre gespeicherten personenbezogenen Daten, deren Herkunft und Empf\u00e4nger und den Zweck der Datenverarbeitung sowie ein Recht auf Berichtigung, Sperrung oder L\u00f6schung dieser Daten. Hierzu sowie zu weiteren Fragen zum Thema personenbezogene Daten k\u00f6nnen Sie sich jederzeit unter der im<a href=\"https:\/\/lammert.de\/cms\/impressum\/\"> Impressum<\/a> angegebenen Adresse an uns wenden.<\/p>\n\n\n\n<h5 class=\"wp-block-heading\">Recht auf Daten\u00fcbertragbarkeit<\/h5>\n\n\n\n<p>Sie haben das Recht, die Sie betreffenden personenbezogenen Daten, die Sie dem Verantwortlichen bereitgestellt haben, in einem strukturierten, g\u00e4ngigen und maschinenlesbaren Format zu erhalten. Au\u00dferdem haben Sie das Recht diese Daten einem anderen Verantwortlichen ohne Behinderung durch den Verantwortlichen, dem die personenbezogenen Daten bereitgestellt wurden, zu \u00fcbermitteln, sofern<\/p>\n\n\n\n<p>(1)&nbsp;&nbsp;&nbsp;&nbsp;&nbsp;&nbsp; die Verarbeitung auf einer Einwilligung gem. Art.&nbsp;6 Abs.&nbsp;1 lit.&nbsp;a DSGVO oder Art.&nbsp;9 Abs.&nbsp;2 lit.&nbsp;a DSGVO oder auf einem Vertrag gem. Art.&nbsp;6 Abs.&nbsp;1 lit.&nbsp;b DSGVO beruht und<\/p>\n\n\n\n<p>(2)&nbsp;&nbsp;&nbsp;&nbsp;&nbsp;&nbsp; die Verarbeitung mithilfe automatisierter Verfahren erfolgt.<\/p>\n\n\n\n<p>In Aus\u00fcbung dieses Rechts haben Sie ferner das Recht, zu erwirken, dass die Sie betreffenden personenbezogenen Daten direkt von einem Verantwortlichen einem anderen Verantwortlichen \u00fcbermittelt werden, soweit dies technisch machbar ist. Freiheiten und Rechte anderer Personen d\u00fcrfen hierdurch nicht beeintr\u00e4chtigt werden.<\/p>\n\n\n\n<p>Das Recht auf Daten\u00fcbertragbarkeit gilt nicht f\u00fcr eine Verarbeitung personenbezogener Daten, die f\u00fcr die Wahrnehmung einer Aufgabe erforderlich ist, die im \u00f6ffentlichen Interesse liegt oder in Aus\u00fcbung \u00f6ffentlicher Gewalt erfolgt, die dem Verantwortlichen \u00fcbertragen wurde.<\/p>\n\n\n\n<h5 class=\"wp-block-heading\">Recht auf Berichtigung gem\u00e4\u00df Art. 16 DSGVO<\/h5>\n\n\n\n<p>Sie haben ein Recht auf unverz\u00fcgliche Berichtigung Sie betreffender unrichtiger Daten und\/oder Vervollst\u00e4ndigung Ihrer bei uns gespeicherten unvollst\u00e4ndigen Daten.<\/p>\n\n\n\n<h5 class=\"wp-block-heading\">Recht auf Einschr\u00e4nkung der Verarbeitung (Art. 18 DSGVO)<\/h5>\n\n\n\n<ol class=\"wp-block-list\">\n<li>Die betroffene Person hat das Recht, von dem Verantwortlichen die Einschr\u00e4nkung der Verarbeitung zu verlangen, wenn eine der folgenden Voraussetzungen gegeben ist:<\/li>\n<\/ol>\n\n\n\n<ul class=\"wp-block-list\">\n<li>die Richtigkeit der personenbezogenen Daten von der betroffenen Person bestritten wird, und zwar f\u00fcr eine Dauer, die es dem Verantwortlichen erm\u00f6glicht, die Richtigkeit der personenbezogenen Daten zu \u00fcberpr\u00fcfen,<\/li>\n<\/ul>\n\n\n\n<ul class=\"wp-block-list\">\n<li>die Verarbeitung unrechtm\u00e4\u00dfig ist und die betroffene Person die L\u00f6schung der personenbezogenen Daten ablehnt und stattdessen die Einschr\u00e4nkung der Nutzung der personenbezogenen Daten verlangt;<\/li>\n<\/ul>\n\n\n\n<ul class=\"wp-block-list\">\n<li>der Verantwortliche die personenbezogenen Daten f\u00fcr die Zwecke der Verarbeitung nicht l\u00e4nger ben\u00f6tigt, die betroffene Person sie jedoch zur Geltendmachung, Aus\u00fcbung oder Verteidigung von Rechtsanspr\u00fcchen ben\u00f6tigt, oder<\/li>\n<\/ul>\n\n\n\n<ul class=\"wp-block-list\">\n<li>die betroffene Person Widerspruch gegen die Verarbeitung gem\u00e4\u00df <a href=\"https:\/\/dsgvo-gesetz.de\/art-21-dsgvo\/\">Artikel 21<\/a> Absatz 1 eingelegt hat, solange noch nicht feststeht, ob die berechtigten Gr\u00fcnde des Verantwortlichen gegen\u00fcber denen der betroffenen Person \u00fcberwiegen.<\/li>\n<\/ul>\n\n\n\n<p>Wurde die Verarbeitung gem\u00e4\u00df Absatz 1 eingeschr\u00e4nkt, so d\u00fcrfen diese personenbezogenen Daten \u2013 von ihrer Speicherung abgesehen \u2013 nur mit Einwilligung der betroffenen Person oder zur Geltendmachung, Aus\u00fcbung oder Verteidigung von Rechtsanspr\u00fcchen oder zum Schutz der Rechte einer anderen nat\u00fcrlichen oder juristischen Person oder aus Gr\u00fcnden eines wichtigen \u00f6ffentlichen Interesses der Union oder eines Mitgliedstaats verarbeitet werden.<\/p>\n\n\n\n<p>Eine betroffene Person, die eine Einschr\u00e4nkung der Verarbeitung gem\u00e4\u00df Absatz 1 erwirkt hat, wird von dem Verantwortlichen unterrichtet, bevor die Einschr\u00e4nkung aufgehoben wird.<\/p>\n\n\n\n<h5 class=\"wp-block-heading\">Widerspruchsrecht<\/h5>\n\n\n\n<p class=\"has-very-light-gray-to-cyan-bluish-gray-gradient-background has-background\">Sie haben das Recht, aus Gr\u00fcnden, die sich aus ihrer besonderen Situation ergeben, jederzeit gegen die Verarbeitung der Sie betreffenden personenbezogenen Daten, die aufgrund von Art.&nbsp;6 Abs.&nbsp;1 lit.&nbsp;e oder f DSGVO erfolgt, Widerspruch einzulegen; dies gilt auch f\u00fcr ein auf diese Bestimmungen gest\u00fctztes Profiling.<\/p>\n\n\n\n<p class=\"has-very-light-gray-to-cyan-bluish-gray-gradient-background has-background\">Der Verantwortliche verarbeitet die Sie betreffenden personenbezogenen Daten nicht mehr, es sei denn, er kann zwingende schutzw\u00fcrdige Gr\u00fcnde f\u00fcr die Verarbeitung nachweisen, die Ihre Interessen, Rechte und Freiheiten \u00fcberwiegen, oder die Verarbeitung dient der Geltendmachung, Aus\u00fcbung oder Verteidigung von Rechtsanspr\u00fcchen.<\/p>\n\n\n\n<p class=\"has-very-light-gray-to-cyan-bluish-gray-gradient-background has-background\">Werden die Sie betreffenden personenbezogenen Daten verarbeitet, um Direktwerbung zu betreiben, haben Sie das Recht, jederzeit Widerspruch gegen die Verarbeitung der Sie betreffenden personenbezogenen Daten zum Zwecke derartiger Werbung einzulegen; dies gilt auch f\u00fcr das Profiling, soweit es mit solcher Direktwerbung in Verbindung steht.<\/p>\n\n\n\n<p class=\"has-very-light-gray-to-cyan-bluish-gray-gradient-background has-background\">Widersprechen Sie der Verarbeitung f\u00fcr Zwecke der Direktwerbung, so werden die Sie betreffenden personenbezogenen Daten nicht mehr f\u00fcr diese Zwecke verarbeitet.<\/p>\n\n\n\n<p class=\"has-very-light-gray-to-cyan-bluish-gray-gradient-background has-background\">Sie haben die M\u00f6glichkeit, im Zusammenhang mit der Nutzung von Diensten der Informationsgesellschaft \u2013 ungeachtet der Richtlinie 2002\/58\/EG \u2013 Ihr Widerspruchsrecht mittels automatisierter Verfahren auszu\u00fcben, bei denen technische Spezifikationen verwendet werden.<\/p>\n\n\n\n<h5 class=\"wp-block-heading\">Recht auf Widerruf der datenschutzrechtlichen Einwilligungserkl\u00e4rung<\/h5>\n\n\n\n<p>Sie haben das Recht, Ihre datenschutzrechtliche Einwilligungserkl\u00e4rung jederzeit zu widerrufen. Durch den Widerruf der Einwilligung wird die Rechtm\u00e4\u00dfigkeit der aufgrund der Einwilligung bis zum Widerruf erfolgten Verarbeitung nicht ber\u00fchrt.<\/p>\n\n\n\n<h5 class=\"wp-block-heading\">Recht auf Beschwerde bei einer Aufsichtsbeh\u00f6rde<\/h5>\n\n\n\n<p>Unbeschadet eines anderweitigen verwaltungsrechtlichen oder gerichtlichen Rechtsbehelfs steht Ihnen das Recht auf Beschwerde bei einer Aufsichtsbeh\u00f6rde, insbesondere in dem Mitgliedstaat ihres Aufenthaltsorts, ihres Arbeitsplatzes oder des Orts des mutma\u00dflichen Versto\u00dfes, zu, wenn Sie der Ansicht sind, dass die Verarbeitung der Sie betreffenden personenbezogenen Daten gegen die DSGVO verst\u00f6\u00dft.<\/p>\n\n\n\n<p>Die Aufsichtsbeh\u00f6rde, bei der die Beschwerde eingereicht wurde, unterrichtet den Beschwerdef\u00fchrer \u00fcber den Stand und die Ergebnisse der Beschwerde einschlie\u00dflich der M\u00f6glichkeit eines gerichtlichen Rechtsbehelfs nach Art.&nbsp;78 DSGVO.<\/p>\n\n\n\n<h4 class=\"wp-block-heading\"><\/h4>\n","protected":false},"excerpt":{"rendered":"<p>Datenschutz Der Verantwortliche im Sinne der Datenschutz-Grundverordnung und anderer nationaler Datenschutzgesetze der Mitgliedsstaaten sowie sonstiger datenschutzrechtlicher Bestimmungen ist die: LAMMERT-DRUCK, Rudolf Lammert GmbH Bevergerner Stra\u00dfe 51 48477 H\u00f6rstel-Riesenbeck Telefon (05454) 9308-0 Telefax (05454) 9308-88 E-Mail: info(at)lammert.de https:\/\/lammert.de Der Datenschutzbeauftragte des<\/p>\n","protected":false},"author":3,"featured_media":0,"parent":0,"menu_order":0,"comment_status":"closed","ping_status":"closed","template":"","meta":{"footnotes":""},"class_list":["post-760","page","type-page","status-publish","hentry"],"yoast_head":"<!-- This site is optimized with the Yoast SEO plugin v27.4 - https:\/\/yoast.com\/product\/yoast-seo-wordpress\/ -->\n<title>Datenschutzhinweis - Lammert Druck<\/title>\n<meta name=\"robots\" content=\"index, follow, max-snippet:-1, max-image-preview:large, max-video-preview:-1\" \/>\n<link rel=\"canonical\" href=\"https:\/\/lammert.de\/cms\/datenschutzhinweis\/\" \/>\n<meta property=\"og:locale\" content=\"de_DE\" \/>\n<meta property=\"og:type\" content=\"article\" \/>\n<meta property=\"og:title\" content=\"Datenschutzhinweis - Lammert Druck\" \/>\n<meta property=\"og:description\" content=\"Datenschutz Der Verantwortliche im Sinne der Datenschutz-Grundverordnung und anderer nationaler Datenschutzgesetze der Mitgliedsstaaten sowie sonstiger datenschutzrechtlicher Bestimmungen ist die: LAMMERT-DRUCK, Rudolf Lammert GmbH Bevergerner Stra\u00dfe 51 48477 H\u00f6rstel-Riesenbeck Telefon (05454) 9308-0 Telefax (05454) 9308-88 E-Mail: info(at)lammert.de https:\/\/lammert.de Der Datenschutzbeauftragte des\" \/>\n<meta property=\"og:url\" content=\"https:\/\/lammert.de\/cms\/datenschutzhinweis\/\" \/>\n<meta property=\"og:site_name\" content=\"Lammert Druck\" \/>\n<meta property=\"article:modified_time\" content=\"2025-11-03T10:27:21+00:00\" \/>\n<meta name=\"twitter:card\" content=\"summary_large_image\" \/>\n<meta name=\"twitter:label1\" content=\"Gesch\u00e4tzte Lesezeit\" \/>\n\t<meta name=\"twitter:data1\" content=\"9\u00a0Minuten\" \/>\n<script type=\"application\/ld+json\" class=\"yoast-schema-graph\">{\"@context\":\"https:\\\/\\\/schema.org\",\"@graph\":[{\"@type\":\"WebPage\",\"@id\":\"https:\\\/\\\/lammert.de\\\/cms\\\/datenschutzhinweis\\\/\",\"url\":\"https:\\\/\\\/lammert.de\\\/cms\\\/datenschutzhinweis\\\/\",\"name\":\"Datenschutzhinweis - Lammert Druck\",\"isPartOf\":{\"@id\":\"https:\\\/\\\/lammert.de\\\/cms\\\/#website\"},\"datePublished\":\"2016-10-10T10:21:16+00:00\",\"dateModified\":\"2025-11-03T10:27:21+00:00\",\"breadcrumb\":{\"@id\":\"https:\\\/\\\/lammert.de\\\/cms\\\/datenschutzhinweis\\\/#breadcrumb\"},\"inLanguage\":\"de\",\"potentialAction\":[{\"@type\":\"ReadAction\",\"target\":[\"https:\\\/\\\/lammert.de\\\/cms\\\/datenschutzhinweis\\\/\"]}]},{\"@type\":\"BreadcrumbList\",\"@id\":\"https:\\\/\\\/lammert.de\\\/cms\\\/datenschutzhinweis\\\/#breadcrumb\",\"itemListElement\":[{\"@type\":\"ListItem\",\"position\":1,\"name\":\"Startseite\",\"item\":\"https:\\\/\\\/lammert.de\\\/cms\\\/\"},{\"@type\":\"ListItem\",\"position\":2,\"name\":\"Datenschutzhinweis\"}]},{\"@type\":\"WebSite\",\"@id\":\"https:\\\/\\\/lammert.de\\\/cms\\\/#website\",\"url\":\"https:\\\/\\\/lammert.de\\\/cms\\\/\",\"name\":\"Lammert Druck\",\"description\":\"...und Media\",\"publisher\":{\"@id\":\"https:\\\/\\\/lammert.de\\\/cms\\\/#organization\"},\"potentialAction\":[{\"@type\":\"SearchAction\",\"target\":{\"@type\":\"EntryPoint\",\"urlTemplate\":\"https:\\\/\\\/lammert.de\\\/cms\\\/?s={search_term_string}\"},\"query-input\":{\"@type\":\"PropertyValueSpecification\",\"valueRequired\":true,\"valueName\":\"search_term_string\"}}],\"inLanguage\":\"de\"},{\"@type\":\"Organization\",\"@id\":\"https:\\\/\\\/lammert.de\\\/cms\\\/#organization\",\"name\":\"Lammert Druck\",\"url\":\"https:\\\/\\\/lammert.de\\\/cms\\\/\",\"logo\":{\"@type\":\"ImageObject\",\"inLanguage\":\"de\",\"@id\":\"https:\\\/\\\/lammert.de\\\/cms\\\/#\\\/schema\\\/logo\\\/image\\\/\",\"url\":\"https:\\\/\\\/lammert.de\\\/cms\\\/wp-content\\\/uploads\\\/2024\\\/12\\\/cropped-Lammert-und-Media-frei2.png\",\"contentUrl\":\"https:\\\/\\\/lammert.de\\\/cms\\\/wp-content\\\/uploads\\\/2024\\\/12\\\/cropped-Lammert-und-Media-frei2.png\",\"width\":302,\"height\":70,\"caption\":\"Lammert Druck\"},\"image\":{\"@id\":\"https:\\\/\\\/lammert.de\\\/cms\\\/#\\\/schema\\\/logo\\\/image\\\/\"}}]}<\/script>\n<!-- \/ Yoast SEO plugin. -->","yoast_head_json":{"title":"Datenschutzhinweis - Lammert Druck","robots":{"index":"index","follow":"follow","max-snippet":"max-snippet:-1","max-image-preview":"max-image-preview:large","max-video-preview":"max-video-preview:-1"},"canonical":"https:\/\/lammert.de\/cms\/datenschutzhinweis\/","og_locale":"de_DE","og_type":"article","og_title":"Datenschutzhinweis - Lammert Druck","og_description":"Datenschutz Der Verantwortliche im Sinne der Datenschutz-Grundverordnung und anderer nationaler Datenschutzgesetze der Mitgliedsstaaten sowie sonstiger datenschutzrechtlicher Bestimmungen ist die: LAMMERT-DRUCK, Rudolf Lammert GmbH Bevergerner Stra\u00dfe 51 48477 H\u00f6rstel-Riesenbeck Telefon (05454) 9308-0 Telefax (05454) 9308-88 E-Mail: info(at)lammert.de https:\/\/lammert.de Der Datenschutzbeauftragte des","og_url":"https:\/\/lammert.de\/cms\/datenschutzhinweis\/","og_site_name":"Lammert Druck","article_modified_time":"2025-11-03T10:27:21+00:00","twitter_card":"summary_large_image","twitter_misc":{"Gesch\u00e4tzte Lesezeit":"9\u00a0Minuten"},"schema":{"@context":"https:\/\/schema.org","@graph":[{"@type":"WebPage","@id":"https:\/\/lammert.de\/cms\/datenschutzhinweis\/","url":"https:\/\/lammert.de\/cms\/datenschutzhinweis\/","name":"Datenschutzhinweis - Lammert Druck","isPartOf":{"@id":"https:\/\/lammert.de\/cms\/#website"},"datePublished":"2016-10-10T10:21:16+00:00","dateModified":"2025-11-03T10:27:21+00:00","breadcrumb":{"@id":"https:\/\/lammert.de\/cms\/datenschutzhinweis\/#breadcrumb"},"inLanguage":"de","potentialAction":[{"@type":"ReadAction","target":["https:\/\/lammert.de\/cms\/datenschutzhinweis\/"]}]},{"@type":"BreadcrumbList","@id":"https:\/\/lammert.de\/cms\/datenschutzhinweis\/#breadcrumb","itemListElement":[{"@type":"ListItem","position":1,"name":"Startseite","item":"https:\/\/lammert.de\/cms\/"},{"@type":"ListItem","position":2,"name":"Datenschutzhinweis"}]},{"@type":"WebSite","@id":"https:\/\/lammert.de\/cms\/#website","url":"https:\/\/lammert.de\/cms\/","name":"Lammert Druck","description":"...und Media","publisher":{"@id":"https:\/\/lammert.de\/cms\/#organization"},"potentialAction":[{"@type":"SearchAction","target":{"@type":"EntryPoint","urlTemplate":"https:\/\/lammert.de\/cms\/?s={search_term_string}"},"query-input":{"@type":"PropertyValueSpecification","valueRequired":true,"valueName":"search_term_string"}}],"inLanguage":"de"},{"@type":"Organization","@id":"https:\/\/lammert.de\/cms\/#organization","name":"Lammert Druck","url":"https:\/\/lammert.de\/cms\/","logo":{"@type":"ImageObject","inLanguage":"de","@id":"https:\/\/lammert.de\/cms\/#\/schema\/logo\/image\/","url":"https:\/\/lammert.de\/cms\/wp-content\/uploads\/2024\/12\/cropped-Lammert-und-Media-frei2.png","contentUrl":"https:\/\/lammert.de\/cms\/wp-content\/uploads\/2024\/12\/cropped-Lammert-und-Media-frei2.png","width":302,"height":70,"caption":"Lammert Druck"},"image":{"@id":"https:\/\/lammert.de\/cms\/#\/schema\/logo\/image\/"}}]}},"_links":{"self":[{"href":"https:\/\/lammert.de\/cms\/wp-json\/wp\/v2\/pages\/760","targetHints":{"allow":["GET"]}}],"collection":[{"href":"https:\/\/lammert.de\/cms\/wp-json\/wp\/v2\/pages"}],"about":[{"href":"https:\/\/lammert.de\/cms\/wp-json\/wp\/v2\/types\/page"}],"author":[{"embeddable":true,"href":"https:\/\/lammert.de\/cms\/wp-json\/wp\/v2\/users\/3"}],"replies":[{"embeddable":true,"href":"https:\/\/lammert.de\/cms\/wp-json\/wp\/v2\/comments?post=760"}],"version-history":[{"count":32,"href":"https:\/\/lammert.de\/cms\/wp-json\/wp\/v2\/pages\/760\/revisions"}],"predecessor-version":[{"id":1180,"href":"https:\/\/lammert.de\/cms\/wp-json\/wp\/v2\/pages\/760\/revisions\/1180"}],"wp:attachment":[{"href":"https:\/\/lammert.de\/cms\/wp-json\/wp\/v2\/media?parent=760"}],"curies":[{"name":"wp","href":"https:\/\/api.w.org\/{rel}","templated":true}]}}