{"id":156,"date":"2014-12-02T18:32:04","date_gmt":"2014-12-02T18:32:04","guid":{"rendered":"http:\/\/lammert.de\/cms\/?page_id=156"},"modified":"2024-12-16T09:58:12","modified_gmt":"2024-12-16T08:58:12","slug":"impressum","status":"publish","type":"page","link":"https:\/\/lammert.de\/cms\/impressum\/","title":{"rendered":"Impressum"},"content":{"rendered":"\n<h5 class=\"wp-block-heading\">Verantwortlich f\u00fcr den Onlineauftritt ist:<\/h5>\n\n\n\n<p>LAMMERT-DRUCK,&nbsp;Rudolf Lammert GmbH<br>\nBevergerner Stra\u00dfe 51<br>\n48477 H\u00f6rstel-Riesenbeck<br>\nTelefon (05454) 9308-0<br>\nTelefax (05454) 9308-88<br>\nE-Mail: info(at)lammert.de<\/p>\n\n\n\n<h5 class=\"wp-block-heading\">Gesch\u00e4ftsf\u00fchrung:<\/h5>\n\n\n\n<p>Rudolf Lammert jun.<br>\nMichael Lammert<\/p>\n\n\n\n<h5 class=\"wp-block-heading\">Registereintrag:<\/h5>\n\n\n\n<p>Registergericht: Amtsgericht Steinfurt<br>\nRegisternummer: Handelsregister-Nummer HRB 5240<\/p>\n\n\n\n<p>Umsatzsteuer-IdNr DE-811294574<\/p>\n\n\n\n<h5 class=\"wp-block-heading\"><\/h5>\n\n\n\n<h5 class=\"wp-block-heading\">Schlichtung<\/h5>\n\n\n\n<p>Die Firma Lammert-Druck, Rudolf Lammert GmbH erkl\u00e4rt sich bei rechtlichen Konflikten mit Verbrauchern (\u00a7 13 BGB) bereit, an Verbraucherschlichtungsverfahren nach dem Verbraucherstreitbeilegungsgesetz teilzunehmen. Die zust\u00e4ndige Verbraucherschlichtungsstelle ist die Allgemeine Verbraucherschlichtungsstelle des Zentrums f\u00fcr Schlichtung e.V. Stra\u00dfburger Stra\u00dfe 8, 77694 Kehl am Rhein Telefon 07851 \/ 795 79 40 Fax 07851 \/ 795 79 41 E-Mail: mail@verbraucher-schlichter.de<br>\nWebseite:<a href=\"https:\/\/www.verbraucher-schlichter.de\" target=\"_blank\" rel=\"noopener\"> www.verbraucher-schlichter.de<\/a><\/p>\n\n\n\n<h5 class=\"wp-block-heading\">Haftung f\u00fcr Links<\/h5>\n\n\n\n<p>Unser Angebot enth\u00e4lt Links zu externen Websiten Dritter, auf deren Inhalte wir keinen Einfluss haben. Deshalb k\u00f6nnen wir f\u00fcr diese fremden Inhalte auch keine Gew\u00e4hr \u00fcbernehmen. F\u00fcr die Inhalte der verlinkten Seiten ist stets der jeweilige Anbieter oder Betreiber der Seiten verantwortlich. Die verlinkten Seiten wurden zum Zeitpunkt der Verlinkung auf m\u00f6gliche Rechtsverst\u00f6\u00dfe \u00fcberpr\u00fcft. Rechtswidrige Inhalte waren zum Zeitpunkt der Verlinkung nicht erkennbar. Eine permanente inhaltliche Kontrolle der verlinkten Seiten ist jedoch ohne konkrete Anhaltspunkte einer Rechtsverletzung nicht zumutbar. Bei Bekanntwerden von Rechtsverletzungen werden wir derartige Links umgehend entfernen.<\/p>\n\n\n\n<h5 class=\"wp-block-heading\">Urheberrecht<\/h5>\n\n\n\n<p>Die durch die Seitenbetreiber erstellten Inhalte und Werke auf diesen Seiten unterliegen dem deutschen Urheberrecht. Die Vervielf\u00e4ltigung, Bearbeitung, Verbreitung und jede Art der Verwertung au\u00dferhalb der Grenzen des Urheberrechts bed\u00fcrfen der schriftlichen Zustimmung des jeweiligen Autors bzw. Erstellers. Downloads und Kopien dieser Seiten sind nur f\u00fcr den privaten, nicht kommerziellen Gebrauch gestattet. Soweit die Inhalte auf dieser Seite nicht vom Betreiber erstellt wurden, werden die Urheberrechte Dritter beachtet. Insbesondere werden Inhalte Dritter als solche gekennzeichnet. Sollten Sie trotzdem auf eine Urheberrechtsverletzung aufmerksam werden, bitten wir um einen entsprechenden Hinweis. Bei Bekanntwerden von Rechtsverletzungen werden wir derartige Inhalte umgehend entfernen.<\/p>\n\n\n\n<h5 class=\"wp-block-heading\">Datenschutz<\/h5>\n\n\n\n<figure class=\"wp-block-embed is-type-wp-embed is-provider-lammert-druck wp-block-embed-lammert-druck\"><div class=\"wp-block-embed__wrapper\">\n<blockquote class=\"wp-embedded-content\" data-secret=\"QTha9jTTzB\"><a href=\"https:\/\/lammert.de\/cms\/datenschutzhinweis\/\">Datenschutzhinweis<\/a><\/blockquote><iframe class=\"wp-embedded-content\" sandbox=\"allow-scripts\" security=\"restricted\" style=\"position: absolute; visibility: hidden;\" title=\"&#8222;Datenschutzhinweis&#8220; &#8212; Lammert Druck\" src=\"https:\/\/lammert.de\/cms\/datenschutzhinweis\/embed\/#?secret=WJXuG3qtL5#?secret=QTha9jTTzB\" data-secret=\"QTha9jTTzB\" width=\"600\" height=\"338\" frameborder=\"0\" marginwidth=\"0\" marginheight=\"0\" scrolling=\"no\"><\/iframe>\n<\/div><\/figure>\n","protected":false},"excerpt":{"rendered":"<p>Verantwortlich f\u00fcr den Onlineauftritt ist: LAMMERT-DRUCK,&nbsp;Rudolf Lammert GmbH Bevergerner Stra\u00dfe 51 48477 H\u00f6rstel-Riesenbeck Telefon (05454) 9308-0 Telefax (05454) 9308-88 E-Mail: info(at)lammert.de Gesch\u00e4ftsf\u00fchrung: Rudolf Lammert jun. Michael Lammert Registereintrag: Registergericht: Amtsgericht Steinfurt Registernummer: Handelsregister-Nummer HRB 5240 Umsatzsteuer-IdNr DE-811294574 Schlichtung Die Firma<\/p>\n","protected":false},"author":3,"featured_media":0,"parent":0,"menu_order":0,"comment_status":"closed","ping_status":"closed","template":"","meta":{"footnotes":""},"class_list":["post-156","page","type-page","status-publish","hentry"],"yoast_head":"<!-- This site is optimized with the Yoast SEO plugin v27.5 - https:\/\/yoast.com\/product\/yoast-seo-wordpress\/ -->\n<title>Impressum - Lammert Druck<\/title>\n<meta name=\"robots\" content=\"index, follow, max-snippet:-1, max-image-preview:large, max-video-preview:-1\" \/>\n<link rel=\"canonical\" href=\"https:\/\/lammert.de\/cms\/impressum\/\" \/>\n<meta property=\"og:locale\" content=\"de_DE\" \/>\n<meta property=\"og:type\" content=\"article\" \/>\n<meta property=\"og:title\" content=\"Impressum - Lammert Druck\" \/>\n<meta property=\"og:description\" content=\"Verantwortlich f\u00fcr den Onlineauftritt ist: LAMMERT-DRUCK,&nbsp;Rudolf Lammert GmbH Bevergerner Stra\u00dfe 51 48477 H\u00f6rstel-Riesenbeck Telefon (05454) 9308-0 Telefax (05454) 9308-88 E-Mail: info(at)lammert.de Gesch\u00e4ftsf\u00fchrung: Rudolf Lammert jun. Michael Lammert Registereintrag: Registergericht: Amtsgericht Steinfurt Registernummer: Handelsregister-Nummer HRB 5240 Umsatzsteuer-IdNr DE-811294574 Schlichtung Die Firma\" \/>\n<meta property=\"og:url\" content=\"https:\/\/lammert.de\/cms\/impressum\/\" \/>\n<meta property=\"og:site_name\" content=\"Lammert Druck\" \/>\n<meta property=\"article:modified_time\" content=\"2024-12-16T08:58:12+00:00\" \/>\n<meta name=\"twitter:card\" content=\"summary_large_image\" \/>\n<meta name=\"twitter:label1\" content=\"Gesch\u00e4tzte Lesezeit\" \/>\n\t<meta name=\"twitter:data1\" content=\"2\u00a0Minuten\" \/>\n<script type=\"application\/ld+json\" class=\"yoast-schema-graph\">{\"@context\":\"https:\\\/\\\/schema.org\",\"@graph\":[{\"@type\":\"WebPage\",\"@id\":\"https:\\\/\\\/lammert.de\\\/cms\\\/impressum\\\/\",\"url\":\"https:\\\/\\\/lammert.de\\\/cms\\\/impressum\\\/\",\"name\":\"Impressum - Lammert Druck\",\"isPartOf\":{\"@id\":\"https:\\\/\\\/lammert.de\\\/cms\\\/#website\"},\"datePublished\":\"2014-12-02T18:32:04+00:00\",\"dateModified\":\"2024-12-16T08:58:12+00:00\",\"breadcrumb\":{\"@id\":\"https:\\\/\\\/lammert.de\\\/cms\\\/impressum\\\/#breadcrumb\"},\"inLanguage\":\"de\",\"potentialAction\":[{\"@type\":\"ReadAction\",\"target\":[\"https:\\\/\\\/lammert.de\\\/cms\\\/impressum\\\/\"]}]},{\"@type\":\"BreadcrumbList\",\"@id\":\"https:\\\/\\\/lammert.de\\\/cms\\\/impressum\\\/#breadcrumb\",\"itemListElement\":[{\"@type\":\"ListItem\",\"position\":1,\"name\":\"Startseite\",\"item\":\"https:\\\/\\\/lammert.de\\\/cms\\\/\"},{\"@type\":\"ListItem\",\"position\":2,\"name\":\"Impressum\"}]},{\"@type\":\"WebSite\",\"@id\":\"https:\\\/\\\/lammert.de\\\/cms\\\/#website\",\"url\":\"https:\\\/\\\/lammert.de\\\/cms\\\/\",\"name\":\"Lammert Druck\",\"description\":\"...und Media\",\"publisher\":{\"@id\":\"https:\\\/\\\/lammert.de\\\/cms\\\/#organization\"},\"potentialAction\":[{\"@type\":\"SearchAction\",\"target\":{\"@type\":\"EntryPoint\",\"urlTemplate\":\"https:\\\/\\\/lammert.de\\\/cms\\\/?s={search_term_string}\"},\"query-input\":{\"@type\":\"PropertyValueSpecification\",\"valueRequired\":true,\"valueName\":\"search_term_string\"}}],\"inLanguage\":\"de\"},{\"@type\":\"Organization\",\"@id\":\"https:\\\/\\\/lammert.de\\\/cms\\\/#organization\",\"name\":\"Lammert Druck\",\"url\":\"https:\\\/\\\/lammert.de\\\/cms\\\/\",\"logo\":{\"@type\":\"ImageObject\",\"inLanguage\":\"de\",\"@id\":\"https:\\\/\\\/lammert.de\\\/cms\\\/#\\\/schema\\\/logo\\\/image\\\/\",\"url\":\"https:\\\/\\\/lammert.de\\\/cms\\\/wp-content\\\/uploads\\\/2024\\\/12\\\/cropped-Lammert-und-Media-frei2.png\",\"contentUrl\":\"https:\\\/\\\/lammert.de\\\/cms\\\/wp-content\\\/uploads\\\/2024\\\/12\\\/cropped-Lammert-und-Media-frei2.png\",\"width\":302,\"height\":70,\"caption\":\"Lammert Druck\"},\"image\":{\"@id\":\"https:\\\/\\\/lammert.de\\\/cms\\\/#\\\/schema\\\/logo\\\/image\\\/\"}}]}<\/script>\n<!-- \/ Yoast SEO plugin. -->","yoast_head_json":{"title":"Impressum - Lammert Druck","robots":{"index":"index","follow":"follow","max-snippet":"max-snippet:-1","max-image-preview":"max-image-preview:large","max-video-preview":"max-video-preview:-1"},"canonical":"https:\/\/lammert.de\/cms\/impressum\/","og_locale":"de_DE","og_type":"article","og_title":"Impressum - Lammert Druck","og_description":"Verantwortlich f\u00fcr den Onlineauftritt ist: LAMMERT-DRUCK,&nbsp;Rudolf Lammert GmbH Bevergerner Stra\u00dfe 51 48477 H\u00f6rstel-Riesenbeck Telefon (05454) 9308-0 Telefax (05454) 9308-88 E-Mail: info(at)lammert.de Gesch\u00e4ftsf\u00fchrung: Rudolf Lammert jun. Michael Lammert Registereintrag: Registergericht: Amtsgericht Steinfurt Registernummer: Handelsregister-Nummer HRB 5240 Umsatzsteuer-IdNr DE-811294574 Schlichtung Die Firma","og_url":"https:\/\/lammert.de\/cms\/impressum\/","og_site_name":"Lammert Druck","article_modified_time":"2024-12-16T08:58:12+00:00","twitter_card":"summary_large_image","twitter_misc":{"Gesch\u00e4tzte Lesezeit":"2\u00a0Minuten"},"schema":{"@context":"https:\/\/schema.org","@graph":[{"@type":"WebPage","@id":"https:\/\/lammert.de\/cms\/impressum\/","url":"https:\/\/lammert.de\/cms\/impressum\/","name":"Impressum - Lammert Druck","isPartOf":{"@id":"https:\/\/lammert.de\/cms\/#website"},"datePublished":"2014-12-02T18:32:04+00:00","dateModified":"2024-12-16T08:58:12+00:00","breadcrumb":{"@id":"https:\/\/lammert.de\/cms\/impressum\/#breadcrumb"},"inLanguage":"de","potentialAction":[{"@type":"ReadAction","target":["https:\/\/lammert.de\/cms\/impressum\/"]}]},{"@type":"BreadcrumbList","@id":"https:\/\/lammert.de\/cms\/impressum\/#breadcrumb","itemListElement":[{"@type":"ListItem","position":1,"name":"Startseite","item":"https:\/\/lammert.de\/cms\/"},{"@type":"ListItem","position":2,"name":"Impressum"}]},{"@type":"WebSite","@id":"https:\/\/lammert.de\/cms\/#website","url":"https:\/\/lammert.de\/cms\/","name":"Lammert Druck","description":"...und Media","publisher":{"@id":"https:\/\/lammert.de\/cms\/#organization"},"potentialAction":[{"@type":"SearchAction","target":{"@type":"EntryPoint","urlTemplate":"https:\/\/lammert.de\/cms\/?s={search_term_string}"},"query-input":{"@type":"PropertyValueSpecification","valueRequired":true,"valueName":"search_term_string"}}],"inLanguage":"de"},{"@type":"Organization","@id":"https:\/\/lammert.de\/cms\/#organization","name":"Lammert Druck","url":"https:\/\/lammert.de\/cms\/","logo":{"@type":"ImageObject","inLanguage":"de","@id":"https:\/\/lammert.de\/cms\/#\/schema\/logo\/image\/","url":"https:\/\/lammert.de\/cms\/wp-content\/uploads\/2024\/12\/cropped-Lammert-und-Media-frei2.png","contentUrl":"https:\/\/lammert.de\/cms\/wp-content\/uploads\/2024\/12\/cropped-Lammert-und-Media-frei2.png","width":302,"height":70,"caption":"Lammert Druck"},"image":{"@id":"https:\/\/lammert.de\/cms\/#\/schema\/logo\/image\/"}}]}},"_links":{"self":[{"href":"https:\/\/lammert.de\/cms\/wp-json\/wp\/v2\/pages\/156","targetHints":{"allow":["GET"]}}],"collection":[{"href":"https:\/\/lammert.de\/cms\/wp-json\/wp\/v2\/pages"}],"about":[{"href":"https:\/\/lammert.de\/cms\/wp-json\/wp\/v2\/types\/page"}],"author":[{"embeddable":true,"href":"https:\/\/lammert.de\/cms\/wp-json\/wp\/v2\/users\/3"}],"replies":[{"embeddable":true,"href":"https:\/\/lammert.de\/cms\/wp-json\/wp\/v2\/comments?post=156"}],"version-history":[{"count":19,"href":"https:\/\/lammert.de\/cms\/wp-json\/wp\/v2\/pages\/156\/revisions"}],"predecessor-version":[{"id":1172,"href":"https:\/\/lammert.de\/cms\/wp-json\/wp\/v2\/pages\/156\/revisions\/1172"}],"wp:attachment":[{"href":"https:\/\/lammert.de\/cms\/wp-json\/wp\/v2\/media?parent=156"}],"curies":[{"name":"wp","href":"https:\/\/api.w.org\/{rel}","templated":true}]}}