{"id":150,"date":"2014-12-02T18:31:00","date_gmt":"2014-12-02T18:31:00","guid":{"rendered":"http:\/\/lammert.de\/cms\/?page_id=150"},"modified":"2025-02-21T10:03:20","modified_gmt":"2025-02-21T09:03:20","slug":"ueberuns","status":"publish","type":"page","link":"https:\/\/lammert.de\/cms\/ueberuns\/","title":{"rendered":"\u00dcber uns"},"content":{"rendered":"\n<p>Am<strong> 01. April 1963<\/strong> er\u00f6ffnete <strong>Rudolf Lammert sen.<\/strong> mit einem Heidelberger Tiegel seine <strong>Buchdruckerei<\/strong>.<br>Voller Optimismus pachtete er das Ladenlokal der ehemaligen Putzmacherin an der Emsdettener Stra\u00dfe f\u00fcr zehn Jahre. Mit gerade einmal 50 m\u00b2 war die Druckerei nicht besonders gro\u00df, aber f\u00fcr den Setzer, Drucker, Papierschneider, Buchbinder und Kalkulator in Personalunion war das \u00fcberaus praktisch. Stetig f\u00fcllten sich die Auftragsb\u00fccher und schon ein halbes Jahr sp\u00e4ter musste ein zweiter Mann eingestellt werden \u2013 Rudolf Lammert sen. schaffte es nicht mehr im Alleingang. Trotzdem scheute er sich nicht davor, immer gr\u00f6\u00dfere Auftr\u00e4ge anzunehmen. \u201eEs geht immer alles zu machen\u201c, war seine Devise. Doch schon bald war die Grenze der M\u00f6glichkeiten erreicht.<\/p>\n\n\n\n<figure class=\"wp-block-image size-full\"><a href=\"https:\/\/lammert.de\/cms\/wp-content\/uploads\/2014\/11\/historie5.jpg\"><img fetchpriority=\"high\" decoding=\"async\" width=\"550\" height=\"330\" src=\"https:\/\/lammert.de\/cms\/wp-content\/uploads\/2014\/11\/historie5.jpg\" alt=\"Bild am Tiegel in Schwarz-Wei\u00df\" class=\"wp-image-86\" srcset=\"https:\/\/lammert.de\/cms\/wp-content\/uploads\/2014\/11\/historie5.jpg 550w, https:\/\/lammert.de\/cms\/wp-content\/uploads\/2014\/11\/historie5-300x180.jpg 300w\" sizes=\"(max-width: 550px) 100vw, 550px\" \/><\/a><figcaption class=\"wp-element-caption\">Drucken am Tiegel<\/figcaption><\/figure>\n\n\n\n<p>Wir wuchsen weiter und im<strong> M\u00e4rz 1971<\/strong> wurde mit dem Neubau an der <strong>Bevergerner Stra\u00dfe <\/strong> begonnen, wo die Firma auch heute noch ans\u00e4ssig ist.<br>Um stets auf dem neuesten Stand der Technik zu sein, wurden 1985 eine 4-Farben-Offsetdruckmaschine vom Typ Heidelberger Speedmaster und eine neue Computer-Satzanlage angeschafft. Damit waren die Tage des Bleisatzes gez\u00e4hlt. <strong>1991<\/strong> folgte die neue Lithoabteilung mit Digitalscanner. Bereits zehn Jahre sp\u00e4ter wurde die alte Speedmaster durch eine neue 5-Farben-Maschine ersetzt, die zudem auch gr\u00f6\u00dfere Druckformate zulie\u00df.<\/p>\n\n\n\n<p>Die neue Papierlagerhalle wurde <strong>1997<\/strong> errichtet. Seit Ende M\u00e4rz 2009 l\u00e4uft nun wiederum eine neue Druckmaschine, eine Komori Lithrone S 40.<\/p>\n\n\n\n<hr class=\"wp-block-separator aligncenter has-alpha-channel-opacity\"\/>\n\n\n\n<p>Dass sich moderne Unternehmensstukturen und traditionelle kaufm\u00e4nnische Werte nicht ausschlie\u00dfen m\u00fcssen haben wir unseren Kunden von je her bewiesen.<\/p>\n\n\n\n<p>Ob f\u00fcr Werbeagenturen oder Direktkunden aus Industrie, Handel, Gewerbe, Dienstleistung&#8230; ob Gro\u00dfauftrag oder Kleinauflage\u2026 wir wissen wie man druckt. Und schnell werden Sie feststellen warum! Ein halbes Jahrhundert Druckerfahrung verbinden wir mit modernster, zuverl\u00e4ssiger Technik in allen Unternehmensbereichen. Von uns d\u00fcrfen Sie einiges erwarten. Das war so und das wird immer so bleiben.<\/p>\n\n\n\n<p>Qualit\u00e4t liegt bekanntlich im Detail! Brillante Farben, passgenauer Druck, eine saubere Verarbeitung Ihrer Printmedien und die termingerechte Lieferung. Das garantiert unser internes Qualit\u00e4tsmanagement. In jeder Phase konzentrieren sich unsere Augen auf Ihren Auftrag, denn f\u00fcr uns z\u00e4hlt nur ein Ma\u00dfstab: Das perfekte Ergebnis!<\/p>\n\n\n\n<p><\/p>\n\n\n\n<p>Unsere Mannschaft ist jedem \u201eDruck\u201c gewachsen, bestens eingespielt, zuverl\u00e4ssig und kundenorientiert. Wir denken mit, bringen uns ein und beweisen immer wieder, dass sich auch au\u00dfergew\u00f6hnliche Ideen ohne Kompromisse realisieren lassen. Fordern Sie uns!<\/p>\n\n\n\n<hr class=\"wp-block-separator has-alpha-channel-opacity\"\/>\n\n\n\n<div style=\"height:20px\" aria-hidden=\"true\" class=\"wp-block-spacer\"><\/div>\n\n\n\n<p><a href=\"https:\/\/lammert.de\/cms\/leistungen\/\">Hier finden Sie unsere Leistungen!<\/a><\/p>\n","protected":false},"excerpt":{"rendered":"<p>Am 01. April 1963 er\u00f6ffnete Rudolf Lammert sen. mit einem Heidelberger Tiegel seine Buchdruckerei.Voller Optimismus pachtete er das Ladenlokal der ehemaligen Putzmacherin an der Emsdettener Stra\u00dfe f\u00fcr zehn Jahre. Mit gerade einmal 50 m\u00b2 war die Druckerei nicht besonders gro\u00df,<\/p>\n","protected":false},"author":3,"featured_media":0,"parent":0,"menu_order":0,"comment_status":"closed","ping_status":"closed","template":"","meta":{"footnotes":""},"class_list":["post-150","page","type-page","status-publish","hentry"],"yoast_head":"<!-- This site is optimized with the Yoast SEO plugin v27.4 - https:\/\/yoast.com\/product\/yoast-seo-wordpress\/ -->\n<title>\u00dcber uns - Lammert Druck<\/title>\n<meta name=\"description\" content=\"Prospekte, Kataloge, Brosch\u00fcren, Gesch\u00e4ftsberichte, Zeitschriften, Mappen, Kalender, Gesch\u00e4ftspapiere, Visitenkarten, Aufkleber, Etiketten\" \/>\n<meta name=\"robots\" content=\"index, follow, max-snippet:-1, max-image-preview:large, max-video-preview:-1\" \/>\n<link rel=\"canonical\" href=\"https:\/\/lammert.de\/cms\/ueberuns\/\" \/>\n<meta property=\"og:locale\" content=\"de_DE\" \/>\n<meta property=\"og:type\" content=\"article\" \/>\n<meta property=\"og:title\" content=\"\u00dcber uns - Lammert Druck\" \/>\n<meta property=\"og:description\" content=\"Prospekte, Kataloge, Brosch\u00fcren, Gesch\u00e4ftsberichte, Zeitschriften, Mappen, Kalender, Gesch\u00e4ftspapiere, Visitenkarten, Aufkleber, Etiketten\" \/>\n<meta property=\"og:url\" content=\"https:\/\/lammert.de\/cms\/ueberuns\/\" \/>\n<meta property=\"og:site_name\" content=\"Lammert Druck\" \/>\n<meta property=\"article:modified_time\" content=\"2025-02-21T09:03:20+00:00\" \/>\n<meta property=\"og:image\" content=\"https:\/\/lammert.de\/cms\/wp-content\/uploads\/2014\/11\/historie5.jpg\" \/>\n\t<meta property=\"og:image:width\" content=\"550\" \/>\n\t<meta property=\"og:image:height\" content=\"330\" \/>\n\t<meta property=\"og:image:type\" content=\"image\/jpeg\" \/>\n<meta name=\"twitter:card\" content=\"summary_large_image\" \/>\n<meta name=\"twitter:label1\" content=\"Gesch\u00e4tzte Lesezeit\" \/>\n\t<meta name=\"twitter:data1\" content=\"3\u00a0Minuten\" \/>\n<script type=\"application\/ld+json\" class=\"yoast-schema-graph\">{\"@context\":\"https:\\\/\\\/schema.org\",\"@graph\":[{\"@type\":\"WebPage\",\"@id\":\"https:\\\/\\\/lammert.de\\\/cms\\\/ueberuns\\\/\",\"url\":\"https:\\\/\\\/lammert.de\\\/cms\\\/ueberuns\\\/\",\"name\":\"\u00dcber uns - Lammert Druck\",\"isPartOf\":{\"@id\":\"https:\\\/\\\/lammert.de\\\/cms\\\/#website\"},\"primaryImageOfPage\":{\"@id\":\"https:\\\/\\\/lammert.de\\\/cms\\\/ueberuns\\\/#primaryimage\"},\"image\":{\"@id\":\"https:\\\/\\\/lammert.de\\\/cms\\\/ueberuns\\\/#primaryimage\"},\"thumbnailUrl\":\"https:\\\/\\\/lammert.de\\\/cms\\\/wp-content\\\/uploads\\\/2014\\\/11\\\/historie5.jpg\",\"datePublished\":\"2014-12-02T18:31:00+00:00\",\"dateModified\":\"2025-02-21T09:03:20+00:00\",\"description\":\"Prospekte, Kataloge, Brosch\u00fcren, Gesch\u00e4ftsberichte, Zeitschriften, Mappen, Kalender, Gesch\u00e4ftspapiere, Visitenkarten, Aufkleber, Etiketten\",\"breadcrumb\":{\"@id\":\"https:\\\/\\\/lammert.de\\\/cms\\\/ueberuns\\\/#breadcrumb\"},\"inLanguage\":\"de\",\"potentialAction\":[{\"@type\":\"ReadAction\",\"target\":[\"https:\\\/\\\/lammert.de\\\/cms\\\/ueberuns\\\/\"]}]},{\"@type\":\"ImageObject\",\"inLanguage\":\"de\",\"@id\":\"https:\\\/\\\/lammert.de\\\/cms\\\/ueberuns\\\/#primaryimage\",\"url\":\"https:\\\/\\\/lammert.de\\\/cms\\\/wp-content\\\/uploads\\\/2014\\\/11\\\/historie5.jpg\",\"contentUrl\":\"https:\\\/\\\/lammert.de\\\/cms\\\/wp-content\\\/uploads\\\/2014\\\/11\\\/historie5.jpg\"},{\"@type\":\"BreadcrumbList\",\"@id\":\"https:\\\/\\\/lammert.de\\\/cms\\\/ueberuns\\\/#breadcrumb\",\"itemListElement\":[{\"@type\":\"ListItem\",\"position\":1,\"name\":\"Startseite\",\"item\":\"https:\\\/\\\/lammert.de\\\/cms\\\/\"},{\"@type\":\"ListItem\",\"position\":2,\"name\":\"\u00dcber uns\"}]},{\"@type\":\"WebSite\",\"@id\":\"https:\\\/\\\/lammert.de\\\/cms\\\/#website\",\"url\":\"https:\\\/\\\/lammert.de\\\/cms\\\/\",\"name\":\"Lammert Druck\",\"description\":\"...und Media\",\"publisher\":{\"@id\":\"https:\\\/\\\/lammert.de\\\/cms\\\/#organization\"},\"potentialAction\":[{\"@type\":\"SearchAction\",\"target\":{\"@type\":\"EntryPoint\",\"urlTemplate\":\"https:\\\/\\\/lammert.de\\\/cms\\\/?s={search_term_string}\"},\"query-input\":{\"@type\":\"PropertyValueSpecification\",\"valueRequired\":true,\"valueName\":\"search_term_string\"}}],\"inLanguage\":\"de\"},{\"@type\":\"Organization\",\"@id\":\"https:\\\/\\\/lammert.de\\\/cms\\\/#organization\",\"name\":\"Lammert Druck\",\"url\":\"https:\\\/\\\/lammert.de\\\/cms\\\/\",\"logo\":{\"@type\":\"ImageObject\",\"inLanguage\":\"de\",\"@id\":\"https:\\\/\\\/lammert.de\\\/cms\\\/#\\\/schema\\\/logo\\\/image\\\/\",\"url\":\"https:\\\/\\\/lammert.de\\\/cms\\\/wp-content\\\/uploads\\\/2024\\\/12\\\/cropped-Lammert-und-Media-frei2.png\",\"contentUrl\":\"https:\\\/\\\/lammert.de\\\/cms\\\/wp-content\\\/uploads\\\/2024\\\/12\\\/cropped-Lammert-und-Media-frei2.png\",\"width\":302,\"height\":70,\"caption\":\"Lammert Druck\"},\"image\":{\"@id\":\"https:\\\/\\\/lammert.de\\\/cms\\\/#\\\/schema\\\/logo\\\/image\\\/\"}}]}<\/script>\n<!-- \/ Yoast SEO plugin. -->","yoast_head_json":{"title":"\u00dcber uns - Lammert Druck","description":"Prospekte, Kataloge, Brosch\u00fcren, Gesch\u00e4ftsberichte, Zeitschriften, Mappen, Kalender, Gesch\u00e4ftspapiere, Visitenkarten, Aufkleber, Etiketten","robots":{"index":"index","follow":"follow","max-snippet":"max-snippet:-1","max-image-preview":"max-image-preview:large","max-video-preview":"max-video-preview:-1"},"canonical":"https:\/\/lammert.de\/cms\/ueberuns\/","og_locale":"de_DE","og_type":"article","og_title":"\u00dcber uns - Lammert Druck","og_description":"Prospekte, Kataloge, Brosch\u00fcren, Gesch\u00e4ftsberichte, Zeitschriften, Mappen, Kalender, Gesch\u00e4ftspapiere, Visitenkarten, Aufkleber, Etiketten","og_url":"https:\/\/lammert.de\/cms\/ueberuns\/","og_site_name":"Lammert Druck","article_modified_time":"2025-02-21T09:03:20+00:00","og_image":[{"width":550,"height":330,"url":"https:\/\/lammert.de\/cms\/wp-content\/uploads\/2014\/11\/historie5.jpg","type":"image\/jpeg"}],"twitter_card":"summary_large_image","twitter_misc":{"Gesch\u00e4tzte Lesezeit":"3\u00a0Minuten"},"schema":{"@context":"https:\/\/schema.org","@graph":[{"@type":"WebPage","@id":"https:\/\/lammert.de\/cms\/ueberuns\/","url":"https:\/\/lammert.de\/cms\/ueberuns\/","name":"\u00dcber uns - Lammert Druck","isPartOf":{"@id":"https:\/\/lammert.de\/cms\/#website"},"primaryImageOfPage":{"@id":"https:\/\/lammert.de\/cms\/ueberuns\/#primaryimage"},"image":{"@id":"https:\/\/lammert.de\/cms\/ueberuns\/#primaryimage"},"thumbnailUrl":"https:\/\/lammert.de\/cms\/wp-content\/uploads\/2014\/11\/historie5.jpg","datePublished":"2014-12-02T18:31:00+00:00","dateModified":"2025-02-21T09:03:20+00:00","description":"Prospekte, Kataloge, Brosch\u00fcren, Gesch\u00e4ftsberichte, Zeitschriften, Mappen, Kalender, Gesch\u00e4ftspapiere, Visitenkarten, Aufkleber, Etiketten","breadcrumb":{"@id":"https:\/\/lammert.de\/cms\/ueberuns\/#breadcrumb"},"inLanguage":"de","potentialAction":[{"@type":"ReadAction","target":["https:\/\/lammert.de\/cms\/ueberuns\/"]}]},{"@type":"ImageObject","inLanguage":"de","@id":"https:\/\/lammert.de\/cms\/ueberuns\/#primaryimage","url":"https:\/\/lammert.de\/cms\/wp-content\/uploads\/2014\/11\/historie5.jpg","contentUrl":"https:\/\/lammert.de\/cms\/wp-content\/uploads\/2014\/11\/historie5.jpg"},{"@type":"BreadcrumbList","@id":"https:\/\/lammert.de\/cms\/ueberuns\/#breadcrumb","itemListElement":[{"@type":"ListItem","position":1,"name":"Startseite","item":"https:\/\/lammert.de\/cms\/"},{"@type":"ListItem","position":2,"name":"\u00dcber uns"}]},{"@type":"WebSite","@id":"https:\/\/lammert.de\/cms\/#website","url":"https:\/\/lammert.de\/cms\/","name":"Lammert Druck","description":"...und Media","publisher":{"@id":"https:\/\/lammert.de\/cms\/#organization"},"potentialAction":[{"@type":"SearchAction","target":{"@type":"EntryPoint","urlTemplate":"https:\/\/lammert.de\/cms\/?s={search_term_string}"},"query-input":{"@type":"PropertyValueSpecification","valueRequired":true,"valueName":"search_term_string"}}],"inLanguage":"de"},{"@type":"Organization","@id":"https:\/\/lammert.de\/cms\/#organization","name":"Lammert Druck","url":"https:\/\/lammert.de\/cms\/","logo":{"@type":"ImageObject","inLanguage":"de","@id":"https:\/\/lammert.de\/cms\/#\/schema\/logo\/image\/","url":"https:\/\/lammert.de\/cms\/wp-content\/uploads\/2024\/12\/cropped-Lammert-und-Media-frei2.png","contentUrl":"https:\/\/lammert.de\/cms\/wp-content\/uploads\/2024\/12\/cropped-Lammert-und-Media-frei2.png","width":302,"height":70,"caption":"Lammert Druck"},"image":{"@id":"https:\/\/lammert.de\/cms\/#\/schema\/logo\/image\/"}}]}},"_links":{"self":[{"href":"https:\/\/lammert.de\/cms\/wp-json\/wp\/v2\/pages\/150","targetHints":{"allow":["GET"]}}],"collection":[{"href":"https:\/\/lammert.de\/cms\/wp-json\/wp\/v2\/pages"}],"about":[{"href":"https:\/\/lammert.de\/cms\/wp-json\/wp\/v2\/types\/page"}],"author":[{"embeddable":true,"href":"https:\/\/lammert.de\/cms\/wp-json\/wp\/v2\/users\/3"}],"replies":[{"embeddable":true,"href":"https:\/\/lammert.de\/cms\/wp-json\/wp\/v2\/comments?post=150"}],"version-history":[{"count":169,"href":"https:\/\/lammert.de\/cms\/wp-json\/wp\/v2\/pages\/150\/revisions"}],"predecessor-version":[{"id":1164,"href":"https:\/\/lammert.de\/cms\/wp-json\/wp\/v2\/pages\/150\/revisions\/1164"}],"wp:attachment":[{"href":"https:\/\/lammert.de\/cms\/wp-json\/wp\/v2\/media?parent=150"}],"curies":[{"name":"wp","href":"https:\/\/api.w.org\/{rel}","templated":true}]}}